{"id":6,"date":"2025-05-17T07:40:14","date_gmt":"2025-05-17T05:40:14","guid":{"rendered":"http:\/\/cameronrimbon.fr\/?page_id=6"},"modified":"2026-02-22T14:04:54","modified_gmt":"2026-02-22T13:04:54","slug":"accueil","status":"publish","type":"page","link":"https:\/\/cameronrimbon.fr\/","title":{"rendered":"Accueil"},"content":{"rendered":"<p>[et_pb_section fb_built=\u00a0\u00bb1&Prime; _builder_version=\u00a0\u00bb4.27.4&Prime; _module_preset=\u00a0\u00bbdefault\u00a0\u00bb global_colors_info=\u00a0\u00bb{}\u00a0\u00bb][et_pb_row _builder_version=\u00a0\u00bb4.27.4&Prime; _module_preset=\u00a0\u00bbdefault\u00a0\u00bb global_colors_info=\u00a0\u00bb{}\u00a0\u00bb][et_pb_column type=\u00a0\u00bb4_4&Prime; _builder_version=\u00a0\u00bb4.27.4&Prime; _module_preset=\u00a0\u00bbdefault\u00a0\u00bb global_colors_info=\u00a0\u00bb{}\u00a0\u00bb][divi_pro_gallery gallery_ids=\u00a0\u00bb60,58,63,67,70,64,165,61,68&Prime; image_size=\u00a0\u00bblarge\u00a0\u00bb columns=\u00a0\u00bb3&Prime; hide_caption=\u00a0\u00bbon\u00a0\u00bb _builder_version=\u00a0\u00bb4.27.4&Prime; _module_preset=\u00a0\u00bbdefault\u00a0\u00bb custom_margin=\u00a0\u00bb2%||||false|false\u00a0\u00bb custom_margin_tablet=\u00a0\u00bb\u00a0\u00bb custom_margin_phone=\u00a0\u00bb16%||||false|false\u00a0\u00bb custom_margin_last_edited=\u00a0\u00bbon|phone\u00a0\u00bb custom_padding=\u00a0\u00bb8%||||false|false\u00a0\u00bb custom_padding_tablet=\u00a0\u00bb8%||||false|false\u00a0\u00bb custom_padding_phone=\u00a0\u00bb8%||||false|false\u00a0\u00bb custom_padding_last_edited=\u00a0\u00bbon|phone\u00a0\u00bb global_colors_info=\u00a0\u00bb{}\u00a0\u00bb][\/divi_pro_gallery][\/et_pb_column][\/et_pb_row][et_pb_row _builder_version=\u00a0\u00bb4.27.4&Prime; _module_preset=\u00a0\u00bbdefault\u00a0\u00bb global_colors_info=\u00a0\u00bb{}\u00a0\u00bb][et_pb_column type=\u00a0\u00bb4_4&Prime; _builder_version=\u00a0\u00bb4.27.4&Prime; _module_preset=\u00a0\u00bbdefault\u00a0\u00bb global_colors_info=\u00a0\u00bb{}\u00a0\u00bb][et_pb_heading title=\u00a0\u00bbPr\u00e9sentation &#8211; Cameron Rimbon\u00a0\u00bb module_id=\u00a0\u00bbpresentation\u00a0\u00bb _builder_version=\u00a0\u00bb4.27.4&Prime; _module_preset=\u00a0\u00bbdefault\u00a0\u00bb global_colors_info=\u00a0\u00bb{}\u00a0\u00bb][\/et_pb_heading][\/et_pb_column][\/et_pb_row][et_pb_row column_structure=\u00a0\u00bb1_3,2_3&Prime; _builder_version=\u00a0\u00bb4.27.4&Prime; _module_preset=\u00a0\u00bbdefault\u00a0\u00bb background_color=\u00a0\u00bbRGBA(255,255,255,0)\u00a0\u00bb global_colors_info=\u00a0\u00bb{}\u00a0\u00bb][et_pb_column type=\u00a0\u00bb1_3&Prime; _builder_version=\u00a0\u00bb4.27.4&Prime; _module_preset=\u00a0\u00bbdefault\u00a0\u00bb global_colors_info=\u00a0\u00bb{}\u00a0\u00bb][et_pb_image src=\u00a0\u00bbhttp:\/\/cameronrimbon.fr\/wp-content\/uploads\/2025\/05\/Photo_9-1-scaled.jpg\u00a0\u00bb title_text=\u00a0\u00bbPhoto_9&Prime; show_in_lightbox=\u00a0\u00bbon\u00a0\u00bb _builder_version=\u00a0\u00bb4.27.4&Prime; _module_preset=\u00a0\u00bbdefault\u00a0\u00bb global_colors_info=\u00a0\u00bb{}\u00a0\u00bb][\/et_pb_image][\/et_pb_column][et_pb_column type=\u00a0\u00bb2_3&Prime; _builder_version=\u00a0\u00bb4.27.4&Prime; _module_preset=\u00a0\u00bbdefault\u00a0\u00bb global_colors_info=\u00a0\u00bb{}\u00a0\u00bb][et_pb_tabs _builder_version=\u00a0\u00bb4.27.4&Prime; _module_preset=\u00a0\u00bbdefault\u00a0\u00bb global_colors_info=\u00a0\u00bb{}\u00a0\u00bb][et_pb_tab title=\u00a0\u00bbQui suis-je ?\u00a0\u00bb _builder_version=\u00a0\u00bb4.27.4&Prime; _module_preset=\u00a0\u00bbdefault\u00a0\u00bb global_colors_info=\u00a0\u00bb{}\u00a0\u00bb]<\/p>\n<p>Cameron Rimbon<\/p>\n<p>N\u00e9 le 19\/11\/2002 (22 ans).<\/p>\n<p>Bas\u00e9 \u00e0 Nancy &#8211; Paris &#8211; Strasbourg<\/p>\n<p>Nationalit\u00e9 fran\u00e7aise.<\/p>\n<p>Parle fran\u00e7ais, anglais.\u00a0<\/p>\n<p>Mod\u00e8le photo : mode, cr\u00e9atif, commercial, beaut\u00e9.\u00a0<\/p>\n<p>[\/et_pb_tab][et_pb_tab title=\u00a0\u00bbMes mensurations\u00a0\u00bb _builder_version=\u00a0\u00bb4.27.4&Prime; _module_preset=\u00a0\u00bbdefault\u00a0\u00bb global_colors_info=\u00a0\u00bb{}\u00a0\u00bb]<\/p>\n<table border=\"1\" style=\"border-collapse: collapse; width: 100%; height: 272px;\" height=\"60\">\n<tbody>\n<tr style=\"height: 24px;\">\n<td style=\"width: 50%; height: 24px;\">Taille &#8211; Height<\/td>\n<td style=\"width: 50%; height: 24px;\">\u00a0182 cm (5&rsquo;11.7&Prime;)<\/td>\n<\/tr>\n<tr style=\"height: 24px;\">\n<td style=\"width: 50%; height: 24px;\">Poids &#8211; Weight<\/td>\n<td style=\"width: 50%; height: 24px;\">\u00a067 kg (147.7 lbs)<\/td>\n<\/tr>\n<tr style=\"height: 24px;\">\n<td style=\"width: 50%; height: 24px;\">Poitrine &#8211; Chest<\/td>\n<td style=\"width: 50%; height: 24px;\">91 cm (35.8 inches)<\/td>\n<\/tr>\n<tr style=\"height: 24px;\">\n<td style=\"width: 50%; height: 24px;\">Taille &#8211; Waist<\/td>\n<td style=\"width: 50%; height: 24px;\">75 cm (29.5 inches)<\/td>\n<\/tr>\n<tr style=\"height: 24px;\">\n<td style=\"width: 50%; height: 24px;\">Hanches &#8211; Hips<\/td>\n<td style=\"width: 50%; height: 24px;\">\u00a085 cm (33.5 inches)<\/td>\n<\/tr>\n<tr style=\"height: 24px;\">\n<td style=\"width: 50%; height: 24px;\">Pointure &#8211; <br \/>Shoe size<\/td>\n<td style=\"width: 50%; height: 24px;\">\u00a044 <br \/>(US Men&rsquo;s 10-10.5)<\/td>\n<\/tr>\n<tr style=\"height: 48px;\">\n<td style=\"width: 50%; height: 48px;\">Couleur des yeux &#8211; Eyes color<\/td>\n<td style=\"width: 50%; height: 48px;\">\u00a0Brun (Brown)<\/td>\n<\/tr>\n<tr style=\"height: 80px;\">\n<td style=\"width: 50%; height: 80px;\">\n<p>Couleur des cheveux &#8211; Hair color<\/p>\n<\/td>\n<td style=\"width: 50%; height: 80px;\">\u00a0Noir (Black)<\/td>\n<\/tr>\n<\/tbody>\n<\/table>\n<p>&nbsp;<\/p>\n<p>[\/et_pb_tab][et_pb_tab title=\u00a0\u00bbPhotos Polaroid\u00a0\u00bb _builder_version=\u00a0\u00bb4.27.4&Prime; _module_preset=\u00a0\u00bbdefault\u00a0\u00bb global_colors_info=\u00a0\u00bb{}\u00a0\u00bb]<\/p>\n<div id=\"envira-gallery-wrap-139\" class=\"envira-gallery-wrap envira-gallery-theme-base envira-lightbox-theme-base\" itemscope itemtype=\"https:\/\/schema.org\/ImageGallery\"><div data-row-height=\"150\" data-gallery-theme=\"normal\" id=\"envira-gallery-139\" class=\"envira-gallery-public envira-gallery-justified-public envira-gallery-0-columns envira-clear enviratope envira-gallery-css-animations\" data-envira-columns=\"0\"><div id=\"envira-gallery-item-169\" class=\"envira-gallery-item enviratope-item envira-gallery-item-1 envira-lazy-load\" style=\"padding-left: 5px; padding-bottom: 10px; padding-right: 5px;\"  itemscope itemtype=\"https:\/\/schema.org\/ImageObject\"><div class=\"envira-gallery-item-inner\"><div class=\"envira-gallery-position-overlay  envira-gallery-top-left\"><\/div><div class=\"envira-gallery-position-overlay  envira-gallery-top-right\"><\/div><div class=\"envira-gallery-position-overlay  envira-gallery-bottom-left\"><\/div><div class=\"envira-gallery-position-overlay  envira-gallery-bottom-right\"><\/div><a href=\"https:\/\/cameronrimbon.fr\/wp-content\/uploads\/2025\/05\/Polas_1-scaled.jpg\" class=\"envira-gallery-139 envira-gallery-link\" rel=\"enviragallery139\" title=\"Polas_1\" data-envira-caption=\"Polas_1\" data-envira-retina=\"\" data-thumbnail=\"\"  itemprop=\"contentUrl\"><img decoding=\"async\" id=\"envira-gallery-image-169\" class=\"envira-gallery-image envira-gallery-image-1 envira-normal envira-lazy\" data-envira-index=\"1\" src=\"https:\/\/cameronrimbon.fr\/wp-content\/uploads\/2025\/05\/Polas_1-683x1024-640x480.jpg\" data-envira-src=\"https:\/\/cameronrimbon.fr\/wp-content\/uploads\/2025\/05\/Polas_1-683x1024-640x480.jpg\" data-envira-gallery-id=\"139\" data-envira-item-id=\"169\" data-envira-caption=\"Polas_1\" alt=\"\" title=\"Polas_1\"  itemprop=\"thumbnailUrl\" data-envira-srcset=\"https:\/\/cameronrimbon.fr\/wp-content\/uploads\/2025\/05\/Polas_1-683x1024-640x480.jpg 400w,https:\/\/cameronrimbon.fr\/wp-content\/uploads\/2025\/05\/Polas_1-683x1024-640x480.jpg 2x\" data-envira-width=\"200\" data-envira-height=\"300\" srcset=\"data:image\/gif;base64,R0lGODlhAQABAIAAAP\/\/\/\/\/\/\/yH5BAEKAAEALAAAAAABAAEAAAICTAEAOw==\" data-safe-src=\"data:image\/gif;base64,R0lGODlhAQABAIAAAP\/\/\/\/\/\/\/yH5BAEKAAEALAAAAAABAAEAAAICTAEAOw==\" \/><\/a><\/div><\/div><div id=\"envira-gallery-item-170\" class=\"envira-gallery-item enviratope-item envira-gallery-item-2 envira-lazy-load\" style=\"padding-left: 5px; padding-bottom: 10px; padding-right: 5px;\"  itemscope itemtype=\"https:\/\/schema.org\/ImageObject\"><div class=\"envira-gallery-item-inner\"><div class=\"envira-gallery-position-overlay  envira-gallery-top-left\"><\/div><div class=\"envira-gallery-position-overlay  envira-gallery-top-right\"><\/div><div class=\"envira-gallery-position-overlay  envira-gallery-bottom-left\"><\/div><div class=\"envira-gallery-position-overlay  envira-gallery-bottom-right\"><\/div><a href=\"https:\/\/cameronrimbon.fr\/wp-content\/uploads\/2025\/05\/Polas_2-scaled.jpg\" class=\"envira-gallery-139 envira-gallery-link\" rel=\"enviragallery139\" title=\"Polas_2\" data-envira-caption=\"Polas_2\" data-envira-retina=\"\" data-thumbnail=\"\"  itemprop=\"contentUrl\"><img decoding=\"async\" id=\"envira-gallery-image-170\" class=\"envira-gallery-image envira-gallery-image-2 envira-normal envira-lazy\" data-envira-index=\"2\" src=\"https:\/\/cameronrimbon.fr\/wp-content\/uploads\/2025\/05\/Polas_2-683x1024-640x480.jpg\" data-envira-src=\"https:\/\/cameronrimbon.fr\/wp-content\/uploads\/2025\/05\/Polas_2-683x1024-640x480.jpg\" data-envira-gallery-id=\"139\" data-envira-item-id=\"170\" data-envira-caption=\"Polas_2\" alt=\"\" title=\"Polas_2\"  itemprop=\"thumbnailUrl\" data-envira-srcset=\"https:\/\/cameronrimbon.fr\/wp-content\/uploads\/2025\/05\/Polas_2-683x1024-640x480.jpg 400w,https:\/\/cameronrimbon.fr\/wp-content\/uploads\/2025\/05\/Polas_2-683x1024-640x480.jpg 2x\" data-envira-width=\"200\" data-envira-height=\"300\" srcset=\"data:image\/gif;base64,R0lGODlhAQABAIAAAP\/\/\/\/\/\/\/yH5BAEKAAEALAAAAAABAAEAAAICTAEAOw==\" data-safe-src=\"data:image\/gif;base64,R0lGODlhAQABAIAAAP\/\/\/\/\/\/\/yH5BAEKAAEALAAAAAABAAEAAAICTAEAOw==\" \/><\/a><\/div><\/div><div id=\"envira-gallery-item-171\" class=\"envira-gallery-item enviratope-item envira-gallery-item-3 envira-lazy-load\" style=\"padding-left: 5px; padding-bottom: 10px; padding-right: 5px;\"  itemscope itemtype=\"https:\/\/schema.org\/ImageObject\"><div class=\"envira-gallery-item-inner\"><div class=\"envira-gallery-position-overlay  envira-gallery-top-left\"><\/div><div class=\"envira-gallery-position-overlay  envira-gallery-top-right\"><\/div><div class=\"envira-gallery-position-overlay  envira-gallery-bottom-left\"><\/div><div class=\"envira-gallery-position-overlay  envira-gallery-bottom-right\"><\/div><a href=\"https:\/\/cameronrimbon.fr\/wp-content\/uploads\/2025\/05\/Polas_3-scaled.jpg\" class=\"envira-gallery-139 envira-gallery-link\" rel=\"enviragallery139\" title=\"Polas_3\" data-envira-caption=\"Polas_3\" data-envira-retina=\"\" data-thumbnail=\"\"  itemprop=\"contentUrl\"><img decoding=\"async\" id=\"envira-gallery-image-171\" class=\"envira-gallery-image envira-gallery-image-3 envira-normal envira-lazy\" data-envira-index=\"3\" src=\"https:\/\/cameronrimbon.fr\/wp-content\/uploads\/2025\/05\/Polas_3-683x1024-640x480.jpg\" data-envira-src=\"https:\/\/cameronrimbon.fr\/wp-content\/uploads\/2025\/05\/Polas_3-683x1024-640x480.jpg\" data-envira-gallery-id=\"139\" data-envira-item-id=\"171\" data-envira-caption=\"Polas_3\" alt=\"\" title=\"Polas_3\"  itemprop=\"thumbnailUrl\" data-envira-srcset=\"https:\/\/cameronrimbon.fr\/wp-content\/uploads\/2025\/05\/Polas_3-683x1024-640x480.jpg 400w,https:\/\/cameronrimbon.fr\/wp-content\/uploads\/2025\/05\/Polas_3-683x1024-640x480.jpg 2x\" data-envira-width=\"200\" data-envira-height=\"300\" srcset=\"data:image\/gif;base64,R0lGODlhAQABAIAAAP\/\/\/\/\/\/\/yH5BAEKAAEALAAAAAABAAEAAAICTAEAOw==\" data-safe-src=\"data:image\/gif;base64,R0lGODlhAQABAIAAAP\/\/\/\/\/\/\/yH5BAEKAAEALAAAAAABAAEAAAICTAEAOw==\" \/><\/a><\/div><\/div><div id=\"envira-gallery-item-172\" class=\"envira-gallery-item enviratope-item envira-gallery-item-4 envira-lazy-load\" style=\"padding-left: 5px; padding-bottom: 10px; padding-right: 5px;\"  itemscope itemtype=\"https:\/\/schema.org\/ImageObject\"><div class=\"envira-gallery-item-inner\"><div class=\"envira-gallery-position-overlay  envira-gallery-top-left\"><\/div><div class=\"envira-gallery-position-overlay  envira-gallery-top-right\"><\/div><div class=\"envira-gallery-position-overlay  envira-gallery-bottom-left\"><\/div><div class=\"envira-gallery-position-overlay  envira-gallery-bottom-right\"><\/div><a href=\"https:\/\/cameronrimbon.fr\/wp-content\/uploads\/2025\/05\/Polas_4-scaled.jpg\" class=\"envira-gallery-139 envira-gallery-link\" rel=\"enviragallery139\" title=\"Polas_4\" data-envira-caption=\"Polas_4\" data-envira-retina=\"\" data-thumbnail=\"\"  itemprop=\"contentUrl\"><img decoding=\"async\" id=\"envira-gallery-image-172\" class=\"envira-gallery-image envira-gallery-image-4 envira-normal envira-lazy\" data-envira-index=\"4\" src=\"https:\/\/cameronrimbon.fr\/wp-content\/uploads\/2025\/05\/Polas_4-682x1024-640x480.jpg\" data-envira-src=\"https:\/\/cameronrimbon.fr\/wp-content\/uploads\/2025\/05\/Polas_4-682x1024-640x480.jpg\" data-envira-gallery-id=\"139\" data-envira-item-id=\"172\" data-envira-caption=\"Polas_4\" alt=\"\" title=\"Polas_4\"  itemprop=\"thumbnailUrl\" data-envira-srcset=\"https:\/\/cameronrimbon.fr\/wp-content\/uploads\/2025\/05\/Polas_4-682x1024-640x480.jpg 400w,https:\/\/cameronrimbon.fr\/wp-content\/uploads\/2025\/05\/Polas_4-682x1024-640x480.jpg 2x\" data-envira-width=\"200\" data-envira-height=\"300\" srcset=\"data:image\/gif;base64,R0lGODlhAQABAIAAAP\/\/\/\/\/\/\/yH5BAEKAAEALAAAAAABAAEAAAICTAEAOw==\" data-safe-src=\"data:image\/gif;base64,R0lGODlhAQABAIAAAP\/\/\/\/\/\/\/yH5BAEKAAEALAAAAAABAAEAAAICTAEAOw==\" \/><\/a><\/div><\/div><div id=\"envira-gallery-item-173\" class=\"envira-gallery-item enviratope-item envira-gallery-item-5 envira-lazy-load\" style=\"padding-left: 5px; padding-bottom: 10px; padding-right: 5px;\"  itemscope itemtype=\"https:\/\/schema.org\/ImageObject\"><div class=\"envira-gallery-item-inner\"><div class=\"envira-gallery-position-overlay  envira-gallery-top-left\"><\/div><div class=\"envira-gallery-position-overlay  envira-gallery-top-right\"><\/div><div class=\"envira-gallery-position-overlay  envira-gallery-bottom-left\"><\/div><div class=\"envira-gallery-position-overlay  envira-gallery-bottom-right\"><\/div><a href=\"https:\/\/cameronrimbon.fr\/wp-content\/uploads\/2025\/05\/Polas_5-scaled.jpg\" class=\"envira-gallery-139 envira-gallery-link\" rel=\"enviragallery139\" title=\"Polas_5\" data-envira-caption=\"Polas_5\" data-envira-retina=\"\" data-thumbnail=\"\"  itemprop=\"contentUrl\"><img decoding=\"async\" id=\"envira-gallery-image-173\" class=\"envira-gallery-image envira-gallery-image-5 envira-normal envira-lazy\" data-envira-index=\"5\" src=\"https:\/\/cameronrimbon.fr\/wp-content\/uploads\/2025\/05\/Polas_5-683x1024-640x480.jpg\" data-envira-src=\"https:\/\/cameronrimbon.fr\/wp-content\/uploads\/2025\/05\/Polas_5-683x1024-640x480.jpg\" data-envira-gallery-id=\"139\" data-envira-item-id=\"173\" data-envira-caption=\"Polas_5\" alt=\"\" title=\"Polas_5\"  itemprop=\"thumbnailUrl\" data-envira-srcset=\"https:\/\/cameronrimbon.fr\/wp-content\/uploads\/2025\/05\/Polas_5-683x1024-640x480.jpg 400w,https:\/\/cameronrimbon.fr\/wp-content\/uploads\/2025\/05\/Polas_5-683x1024-640x480.jpg 2x\" data-envira-width=\"200\" data-envira-height=\"300\" srcset=\"data:image\/gif;base64,R0lGODlhAQABAIAAAP\/\/\/\/\/\/\/yH5BAEKAAEALAAAAAABAAEAAAICTAEAOw==\" data-safe-src=\"data:image\/gif;base64,R0lGODlhAQABAIAAAP\/\/\/\/\/\/\/yH5BAEKAAEALAAAAAABAAEAAAICTAEAOw==\" \/><\/a><\/div><\/div><div id=\"envira-gallery-item-174\" class=\"envira-gallery-item enviratope-item envira-gallery-item-6 envira-lazy-load\" style=\"padding-left: 5px; padding-bottom: 10px; padding-right: 5px;\"  itemscope itemtype=\"https:\/\/schema.org\/ImageObject\"><div class=\"envira-gallery-item-inner\"><div class=\"envira-gallery-position-overlay  envira-gallery-top-left\"><\/div><div class=\"envira-gallery-position-overlay  envira-gallery-top-right\"><\/div><div class=\"envira-gallery-position-overlay  envira-gallery-bottom-left\"><\/div><div class=\"envira-gallery-position-overlay  envira-gallery-bottom-right\"><\/div><a href=\"https:\/\/cameronrimbon.fr\/wp-content\/uploads\/2025\/05\/Polas_6-scaled.jpg\" class=\"envira-gallery-139 envira-gallery-link\" rel=\"enviragallery139\" title=\"Polas_6\" data-envira-caption=\"Polas_6\" data-envira-retina=\"\" data-thumbnail=\"\"  itemprop=\"contentUrl\"><img decoding=\"async\" id=\"envira-gallery-image-174\" class=\"envira-gallery-image envira-gallery-image-6 envira-normal envira-lazy\" data-envira-index=\"6\" src=\"https:\/\/cameronrimbon.fr\/wp-content\/uploads\/2025\/05\/Polas_6-683x1024-640x480.jpg\" data-envira-src=\"https:\/\/cameronrimbon.fr\/wp-content\/uploads\/2025\/05\/Polas_6-683x1024-640x480.jpg\" data-envira-gallery-id=\"139\" data-envira-item-id=\"174\" data-envira-caption=\"Polas_6\" alt=\"\" title=\"Polas_6\"  itemprop=\"thumbnailUrl\" data-envira-srcset=\"https:\/\/cameronrimbon.fr\/wp-content\/uploads\/2025\/05\/Polas_6-683x1024-640x480.jpg 400w,https:\/\/cameronrimbon.fr\/wp-content\/uploads\/2025\/05\/Polas_6-683x1024-640x480.jpg 2x\" data-envira-width=\"200\" data-envira-height=\"300\" srcset=\"data:image\/gif;base64,R0lGODlhAQABAIAAAP\/\/\/\/\/\/\/yH5BAEKAAEALAAAAAABAAEAAAICTAEAOw==\" data-safe-src=\"data:image\/gif;base64,R0lGODlhAQABAIAAAP\/\/\/\/\/\/\/yH5BAEKAAEALAAAAAABAAEAAAICTAEAOw==\" \/><\/a><\/div><\/div><\/div><\/div><noscript><img decoding=\"async\" src=\"https:\/\/cameronrimbon.fr\/wp-content\/uploads\/2025\/05\/Polas_1-scaled.jpg\" alt=\"\" \/><img decoding=\"async\" src=\"https:\/\/cameronrimbon.fr\/wp-content\/uploads\/2025\/05\/Polas_2-scaled.jpg\" alt=\"\" \/><img decoding=\"async\" src=\"https:\/\/cameronrimbon.fr\/wp-content\/uploads\/2025\/05\/Polas_3-scaled.jpg\" alt=\"\" \/><img decoding=\"async\" src=\"https:\/\/cameronrimbon.fr\/wp-content\/uploads\/2025\/05\/Polas_4-scaled.jpg\" alt=\"\" \/><img decoding=\"async\" src=\"https:\/\/cameronrimbon.fr\/wp-content\/uploads\/2025\/05\/Polas_5-scaled.jpg\" alt=\"\" \/><img decoding=\"async\" src=\"https:\/\/cameronrimbon.fr\/wp-content\/uploads\/2025\/05\/Polas_6-scaled.jpg\" alt=\"\" \/><\/noscript>\n<p>[\/et_pb_tab][\/et_pb_tabs][\/et_pb_column][\/et_pb_row][\/et_pb_section]<\/p>\n","protected":false},"excerpt":{"rendered":"<p><div class=\"et_pb_module divi_pro_gallery divi_pro_gallery_0\">\n\t\t\t\t\n\t\t\t\t\n\t\t\t\t\n\t\t\t\t\n\t\t\t\t\n\t\t\t\t\n\t\t\t\t<div class=\"et_pb_module_inner\">\n\t\t\t\t\t<div class=\"divi-masonry-gallery\" data-config={\"columnsResponsive\":false,\"columns\":3,\"columnsTablet\":3,\"columnsPhone\":3,\"gutter\":20}>\n                <div class=\"grid-sizer\"><\/div> <div class=\"gutter-sizer\"><\/div>\n<div class=\"dmg-item\">\n    <div class=\"dmg-item-overlay\"><\/div>\n    <div class=\"dmg-item-content\">\n        <img loading=\"lazy\" decoding=\"async\" width=\"683\" height=\"1024\" src=\"https:\/\/cameronrimbon.fr\/wp-content\/uploads\/2025\/05\/Photo_3-683x1024.jpg\" class=\"image pic wp-image-60\" \/>\n\n                    <a href=\"https:\/\/cameronrimbon.fr\/wp-content\/uploads\/2025\/05\/Photo_3-scaled.jpg\" class=\"dmg-lightbox-link\" aria-label=\"Open image\" title=\"Open image\" data-fancybox=\"dmg-gallery\" \/><\/a>\n                <div class=\"dmg-caption\">\n            <div class=\"dmg-caption-inner\">\n                                            <\/div>\n        <\/div>\n    <\/div>\n<\/div>\n<div class=\"dmg-item\">\n    <div class=\"dmg-item-overlay\"><\/div>\n    <div class=\"dmg-item-content\">\n        <img loading=\"lazy\" decoding=\"async\" width=\"683\" height=\"1024\" src=\"https:\/\/cameronrimbon.fr\/wp-content\/uploads\/2025\/05\/Photo_1-683x1024.jpg\" class=\"image pic wp-image-58\" \/>\n\n                    <a href=\"https:\/\/cameronrimbon.fr\/wp-content\/uploads\/2025\/05\/Photo_1-scaled.jpg\" class=\"dmg-lightbox-link\" aria-label=\"Open image\" title=\"Open image\" data-fancybox=\"dmg-gallery\" \/><\/a>\n                <div class=\"dmg-caption\">\n            <div class=\"dmg-caption-inner\">\n                                            <\/div>\n        <\/div>\n    <\/div>\n<\/div>\n<div class=\"dmg-item\">\n    <div class=\"dmg-item-overlay\"><\/div>\n    <div class=\"dmg-item-content\">\n        <img loading=\"lazy\" decoding=\"async\" width=\"683\" height=\"1024\" src=\"https:\/\/cameronrimbon.fr\/wp-content\/uploads\/2025\/05\/Photo_6-683x1024.jpg\" class=\"image pic wp-image-63\" \/>\n\n                    <a href=\"https:\/\/cameronrimbon.fr\/wp-content\/uploads\/2025\/05\/Photo_6-scaled.jpg\" class=\"dmg-lightbox-link\" aria-label=\"Open image\" title=\"Open image\" data-fancybox=\"dmg-gallery\" \/><\/a>\n                <div class=\"dmg-caption\">\n            <div class=\"dmg-caption-inner\">\n                                            <\/div>\n        <\/div>\n    <\/div>\n<\/div>\n<div class=\"dmg-item\">\n    <div class=\"dmg-item-overlay\"><\/div>\n    <div class=\"dmg-item-content\">\n        <img loading=\"lazy\" decoding=\"async\" width=\"683\" height=\"1024\" src=\"https:\/\/cameronrimbon.fr\/wp-content\/uploads\/2025\/05\/Photo_10-683x1024.jpg\" class=\"image pic wp-image-67\" \/>\n\n                    <a href=\"https:\/\/cameronrimbon.fr\/wp-content\/uploads\/2025\/05\/Photo_10-scaled.jpg\" class=\"dmg-lightbox-link\" aria-label=\"Open image\" title=\"Open image\" data-fancybox=\"dmg-gallery\" \/><\/a>\n                <div class=\"dmg-caption\">\n            <div class=\"dmg-caption-inner\">\n                                            <\/div>\n        <\/div>\n    <\/div>\n<\/div>\n<div class=\"dmg-item\">\n    <div class=\"dmg-item-overlay\"><\/div>\n    <div class=\"dmg-item-content\">\n        <img loading=\"lazy\" decoding=\"async\" width=\"683\" height=\"1024\" src=\"https:\/\/cameronrimbon.fr\/wp-content\/uploads\/2025\/05\/Photo_13-683x1024.jpg\" class=\"image pic wp-image-70\" \/>\n\n                    <a href=\"https:\/\/cameronrimbon.fr\/wp-content\/uploads\/2025\/05\/Photo_13-scaled.jpg\" class=\"dmg-lightbox-link\" aria-label=\"Open image\" title=\"Open image\" data-fancybox=\"dmg-gallery\" \/><\/a>\n                <div class=\"dmg-caption\">\n            <div class=\"dmg-caption-inner\">\n                                            <\/div>\n        <\/div>\n    <\/div>\n<\/div>\n<div class=\"dmg-item\">\n    <div class=\"dmg-item-overlay\"><\/div>\n    <div class=\"dmg-item-content\">\n        <img loading=\"lazy\" decoding=\"async\" width=\"683\" height=\"1024\" src=\"https:\/\/cameronrimbon.fr\/wp-content\/uploads\/2025\/05\/Photo_7-683x1024.jpg\" class=\"image pic wp-image-64\" \/>\n\n                    <a href=\"https:\/\/cameronrimbon.fr\/wp-content\/uploads\/2025\/05\/Photo_7-scaled.jpg\" class=\"dmg-lightbox-link\" aria-label=\"Open image\" title=\"Open image\" data-fancybox=\"dmg-gallery\" \/><\/a>\n                <div class=\"dmg-caption\">\n            <div class=\"dmg-caption-inner\">\n                                            <\/div>\n        <\/div>\n    <\/div>\n<\/div>\n<div class=\"dmg-item\">\n    <div class=\"dmg-item-overlay\"><\/div>\n    <div class=\"dmg-item-content\">\n        <img loading=\"lazy\" decoding=\"async\" width=\"683\" height=\"1024\" src=\"https:\/\/cameronrimbon.fr\/wp-content\/uploads\/2026\/02\/Cam_02-683x1024.png\" class=\"image pic wp-image-165\" \/>\n\n                    <a href=\"https:\/\/cameronrimbon.fr\/wp-content\/uploads\/2026\/02\/Cam_02-scaled.png\" class=\"dmg-lightbox-link\" aria-label=\"Open image\" title=\"Open image\" data-fancybox=\"dmg-gallery\" \/><\/a>\n                <div class=\"dmg-caption\">\n            <div class=\"dmg-caption-inner\">\n                                            <\/div>\n        <\/div>\n    <\/div>\n<\/div>\n<div class=\"dmg-item\">\n    <div class=\"dmg-item-overlay\"><\/div>\n    <div class=\"dmg-item-content\">\n        <img loading=\"lazy\" decoding=\"async\" width=\"683\" height=\"1024\" src=\"https:\/\/cameronrimbon.fr\/wp-content\/uploads\/2025\/05\/Photo_4-683x1024.jpg\" class=\"image pic wp-image-61\" \/>\n\n                    <a href=\"https:\/\/cameronrimbon.fr\/wp-content\/uploads\/2025\/05\/Photo_4-scaled.jpg\" class=\"dmg-lightbox-link\" aria-label=\"Open image\" title=\"Open image\" data-fancybox=\"dmg-gallery\" \/><\/a>\n                <div class=\"dmg-caption\">\n            <div class=\"dmg-caption-inner\">\n                                            <\/div>\n        <\/div>\n    <\/div>\n<\/div>\n<div class=\"dmg-item\">\n    <div class=\"dmg-item-overlay\"><\/div>\n    <div class=\"dmg-item-content\">\n        <img loading=\"lazy\" decoding=\"async\" width=\"683\" height=\"1024\" src=\"https:\/\/cameronrimbon.fr\/wp-content\/uploads\/2025\/05\/Photo_11-683x1024.jpg\" class=\"image pic wp-image-68\" \/>\n\n                    <a href=\"https:\/\/cameronrimbon.fr\/wp-content\/uploads\/2025\/05\/Photo_11-scaled.jpg\" class=\"dmg-lightbox-link\" aria-label=\"Open image\" title=\"Open image\" data-fancybox=\"dmg-gallery\" \/><\/a>\n                <div class=\"dmg-caption\">\n            <div class=\"dmg-caption-inner\">\n                                            <\/div>\n        <\/div>\n    <\/div>\n<\/div> \n            <\/div>\n\t\t\t\t<\/div>\n\t\t\t<\/div>Cameron Rimbon N\u00e9 le 19\/11\/2002 (22 ans). Bas\u00e9 \u00e0 Nancy &#8211; Paris &#8211; Strasbourg Nationalit\u00e9 fran\u00e7aise. Parle fran\u00e7ais, anglais.\u00a0 Mod\u00e8le photo : mode, cr\u00e9atif, commercial, beaut\u00e9.\u00a0 Taille &#8211; Height \u00a0182 cm (5&rsquo;11.7&Prime;) Poids &#8211; Weight \u00a067 kg (147.7 lbs) Poitrine [&hellip;]<\/p>\n","protected":false},"author":1,"featured_media":0,"parent":0,"menu_order":0,"comment_status":"closed","ping_status":"closed","template":"","meta":{"_et_pb_use_builder":"on","_et_pb_old_content":"","_et_gb_content_width":"","footnotes":""},"class_list":["post-6","page","type-page","status-publish","hentry"],"_links":{"self":[{"href":"https:\/\/cameronrimbon.fr\/index.php\/wp-json\/wp\/v2\/pages\/6","targetHints":{"allow":["GET"]}}],"collection":[{"href":"https:\/\/cameronrimbon.fr\/index.php\/wp-json\/wp\/v2\/pages"}],"about":[{"href":"https:\/\/cameronrimbon.fr\/index.php\/wp-json\/wp\/v2\/types\/page"}],"author":[{"embeddable":true,"href":"https:\/\/cameronrimbon.fr\/index.php\/wp-json\/wp\/v2\/users\/1"}],"replies":[{"embeddable":true,"href":"https:\/\/cameronrimbon.fr\/index.php\/wp-json\/wp\/v2\/comments?post=6"}],"version-history":[{"count":34,"href":"https:\/\/cameronrimbon.fr\/index.php\/wp-json\/wp\/v2\/pages\/6\/revisions"}],"predecessor-version":[{"id":175,"href":"https:\/\/cameronrimbon.fr\/index.php\/wp-json\/wp\/v2\/pages\/6\/revisions\/175"}],"wp:attachment":[{"href":"https:\/\/cameronrimbon.fr\/index.php\/wp-json\/wp\/v2\/media?parent=6"}],"curies":[{"name":"wp","href":"https:\/\/api.w.org\/{rel}","templated":true}]}}